{"id":445,"date":"2022-09-20T09:55:54","date_gmt":"2022-09-20T07:55:54","guid":{"rendered":"http:\/\/bienvenuelahaut.fr\/?page_id=445"},"modified":"2025-03-03T16:21:46","modified_gmt":"2025-03-03T15:21:46","slug":"participer","status":"publish","type":"page","link":"https:\/\/bienvenuelahaut.fr\/index.php\/bienvenue\/participer\/","title":{"rendered":"Participer"},"content":{"rendered":"\t\t<div data-elementor-type=\"wp-page\" data-elementor-id=\"445\" class=\"elementor elementor-445\">\n\t\t\t\t\t\t<section class=\"elementor-section elementor-top-section elementor-element elementor-element-c45acae elementor-section-boxed elementor-section-height-default elementor-section-height-default\" data-id=\"c45acae\" data-element_type=\"section\">\n\t\t\t\t\t\t<div class=\"elementor-container elementor-column-gap-default\">\n\t\t\t\t\t<div class=\"elementor-column elementor-col-100 elementor-top-column elementor-element elementor-element-c2c6dab\" data-id=\"c2c6dab\" data-element_type=\"column\">\n\t\t\t<div class=\"elementor-widget-wrap elementor-element-populated\">\n\t\t\t\t\t\t<div class=\"elementor-element elementor-element-3cba477 elementor-widget elementor-widget-heading\" data-id=\"3cba477\" data-element_type=\"widget\" data-widget_type=\"heading.default\">\n\t\t\t\t<div class=\"elementor-widget-container\">\n\t\t\t\t\t<h2 class=\"elementor-heading-title elementor-size-default\">Participer<\/h2>\t\t\t\t<\/div>\n\t\t\t\t<\/div>\n\t\t\t\t\t<\/div>\n\t\t<\/div>\n\t\t\t\t\t<\/div>\n\t\t<\/section>\n\t\t\t\t<section class=\"elementor-section elementor-top-section elementor-element elementor-element-9cf9b29 elementor-section-boxed elementor-section-height-default elementor-section-height-default\" data-id=\"9cf9b29\" data-element_type=\"section\">\n\t\t\t\t\t\t<div class=\"elementor-container elementor-column-gap-default\">\n\t\t\t\t\t<div class=\"elementor-column elementor-col-100 elementor-top-column elementor-element elementor-element-66bf932\" data-id=\"66bf932\" data-element_type=\"column\">\n\t\t\t<div class=\"elementor-widget-wrap elementor-element-populated\">\n\t\t\t\t\t\t<div class=\"elementor-element elementor-element-1305b65 elementor-widget elementor-widget-text-editor\" data-id=\"1305b65\" data-element_type=\"widget\" data-widget_type=\"text-editor.default\">\n\t\t\t\t<div class=\"elementor-widget-container\">\n\t\t\t\t\t\t\t\t\t<p>Les actions de Bienvenue l\u00e0-haut se construisent par et pour les habitants : h\u00e9bergement des artistes chez l\u2019habitant, temps de convivialit\u00e9 partag\u00e9s, mais aussi participation au processus de cr\u00e9ation. Chaque projet est con\u00e7u en synergie avec des partenaires de tous horizons, artisans, institutionnels, commer\u00e7ants\u2026 Le r\u00f4le des b\u00e9n\u00e9voles est fondamental, le programme est con\u00e7u collectivement dans le cadre d\u2019une commission r\u00e9unie mensuellement.<\/p>\t\t\t\t\t\t\t\t<\/div>\n\t\t\t\t<\/div>\n\t\t\t\t\t<\/div>\n\t\t<\/div>\n\t\t\t\t\t<\/div>\n\t\t<\/section>\n\t\t\t\t<section class=\"elementor-section elementor-top-section elementor-element elementor-element-1ccbbdd elementor-section-boxed elementor-section-height-default elementor-section-height-default\" data-id=\"1ccbbdd\" data-element_type=\"section\">\n\t\t\t\t\t\t<div class=\"elementor-container elementor-column-gap-default\">\n\t\t\t\t\t<div class=\"elementor-column elementor-col-100 elementor-top-column elementor-element elementor-element-384ccf6e\" data-id=\"384ccf6e\" data-element_type=\"column\">\n\t\t\t<div class=\"elementor-widget-wrap elementor-element-populated\">\n\t\t\t\t\t\t<section class=\"elementor-section elementor-inner-section elementor-element elementor-element-4af05b74 elementor-section-boxed elementor-section-height-default elementor-section-height-default\" data-id=\"4af05b74\" data-element_type=\"section\">\n\t\t\t\t\t\t<div class=\"elementor-container elementor-column-gap-no\">\n\t\t\t\t\t<div class=\"elementor-column elementor-col-33 elementor-inner-column elementor-element elementor-element-6c919624\" data-id=\"6c919624\" data-element_type=\"column\">\n\t\t\t<div class=\"elementor-widget-wrap elementor-element-populated\">\n\t\t\t\t\t\t<div class=\"elementor-element elementor-element-3e234506 elementor-widget elementor-widget-image\" data-id=\"3e234506\" data-element_type=\"widget\" data-widget_type=\"image.default\">\n\t\t\t\t<div class=\"elementor-widget-container\">\n\t\t\t\t\t\t\t\t\t\t\t\t\t\t\t<img decoding=\"async\" src=\"https:\/\/bienvenuelahaut.fr\/wp-content\/uploads\/elementor\/thumbs\/laury-ecole-3-scaled-qfn5i7sluhwebk9oiwfcpe7t9qw5h8f082torw3ik8.jpg\" title=\"Bienvenue l\u00e0-haut 2023_la ru\u00e9e outre mer\" alt=\"Bienvenue l\u00e0-haut 2023_la ru\u00e9e outre mer\" loading=\"lazy\" \/>\t\t\t\t\t\t\t\t\t\t\t\t\t\t\t<\/div>\n\t\t\t\t<\/div>\n\t\t\t\t\t<\/div>\n\t\t<\/div>\n\t\t\t\t<div class=\"elementor-column elementor-col-33 elementor-inner-column elementor-element elementor-element-24025b\" data-id=\"24025b\" data-element_type=\"column\">\n\t\t\t<div class=\"elementor-widget-wrap elementor-element-populated\">\n\t\t\t\t\t\t<div class=\"elementor-element elementor-element-5225fcbf elementor-widget elementor-widget-image\" data-id=\"5225fcbf\" data-element_type=\"widget\" data-widget_type=\"image.default\">\n\t\t\t\t<div class=\"elementor-widget-container\">\n\t\t\t\t\t\t\t\t\t\t\t\t\t\t\t<img decoding=\"async\" src=\"https:\/\/bienvenuelahaut.fr\/wp-content\/uploads\/elementor\/thumbs\/IMG_6403-copie-bd-flou-scaled-qf1z7nkkuh3nuo4ct7ad0xh045sbwkck80bh8zggxk.jpg\" title=\"IMG_6403 copie bd flou\" alt=\"IMG_6403 copie bd flou\" loading=\"lazy\" \/>\t\t\t\t\t\t\t\t\t\t\t\t\t\t\t<\/div>\n\t\t\t\t<\/div>\n\t\t\t\t\t<\/div>\n\t\t<\/div>\n\t\t\t\t<div class=\"elementor-column elementor-col-33 elementor-inner-column elementor-element elementor-element-2b928368\" data-id=\"2b928368\" data-element_type=\"column\">\n\t\t\t<div class=\"elementor-widget-wrap elementor-element-populated\">\n\t\t\t\t\t\t<div class=\"elementor-element elementor-element-30bdc5e8 elementor-widget elementor-widget-image\" data-id=\"30bdc5e8\" data-element_type=\"widget\" data-widget_type=\"image.default\">\n\t\t\t\t<div class=\"elementor-widget-container\">\n\t\t\t\t\t\t\t\t\t\t\t\t\t\t\t<img decoding=\"async\" src=\"https:\/\/bienvenuelahaut.fr\/wp-content\/uploads\/elementor\/thumbs\/IMG_5363--scaled-qbnzcwzj0uw9c8za470ku44evvry2mk1kb6afzw7g8.jpg\" title=\"Amers &#8211; Patricia Boucharlart &#8211; Bienvenue l\u00e0-haut 2023\" alt=\"Amers - Patricia Boucharlart - Bienvenue l\u00e0-haut 2023\" loading=\"lazy\" \/>\t\t\t\t\t\t\t\t\t\t\t\t\t\t\t<\/div>\n\t\t\t\t<\/div>\n\t\t\t\t\t<\/div>\n\t\t<\/div>\n\t\t\t\t\t<\/div>\n\t\t<\/section>\n\t\t\t\t\t<\/div>\n\t\t<\/div>\n\t\t\t\t\t<\/div>\n\t\t<\/section>\n\t\t\t\t<section class=\"elementor-section elementor-top-section elementor-element elementor-element-8645bfb elementor-section-boxed elementor-section-height-default elementor-section-height-default\" data-id=\"8645bfb\" data-element_type=\"section\">\n\t\t\t\t\t\t<div class=\"elementor-container elementor-column-gap-default\">\n\t\t\t\t\t<div class=\"elementor-column elementor-col-100 elementor-top-column elementor-element elementor-element-b5d42f6\" data-id=\"b5d42f6\" data-element_type=\"column\">\n\t\t\t<div class=\"elementor-widget-wrap elementor-element-populated\">\n\t\t\t\t\t\t<div class=\"elementor-element elementor-element-c2fb2b8 elementor-widget elementor-widget-spacer\" data-id=\"c2fb2b8\" data-element_type=\"widget\" data-widget_type=\"spacer.default\">\n\t\t\t\t<div class=\"elementor-widget-container\">\n\t\t\t\t\t\t\t<div class=\"elementor-spacer\">\n\t\t\t<div class=\"elementor-spacer-inner\"><\/div>\n\t\t<\/div>\n\t\t\t\t\t\t<\/div>\n\t\t\t\t<\/div>\n\t\t\t\t\t<\/div>\n\t\t<\/div>\n\t\t\t\t\t<\/div>\n\t\t<\/section>\n\t\t\t\t<section class=\"elementor-section elementor-top-section elementor-element elementor-element-7c99201 elementor-section-boxed elementor-section-height-default elementor-section-height-default\" data-id=\"7c99201\" data-element_type=\"section\">\n\t\t\t\t\t\t<div class=\"elementor-container elementor-column-gap-default\">\n\t\t\t\t\t<div class=\"elementor-column elementor-col-100 elementor-top-column elementor-element elementor-element-946cbce\" data-id=\"946cbce\" data-element_type=\"column\">\n\t\t\t<div class=\"elementor-widget-wrap elementor-element-populated\">\n\t\t\t\t\t\t<div class=\"elementor-element elementor-element-6bde7af elementor-widget-divider--view-line elementor-widget elementor-widget-divider\" data-id=\"6bde7af\" data-element_type=\"widget\" data-widget_type=\"divider.default\">\n\t\t\t\t<div class=\"elementor-widget-container\">\n\t\t\t\t\t\t\t<div class=\"elementor-divider\">\n\t\t\t<span class=\"elementor-divider-separator\">\n\t\t\t\t\t\t<\/span>\n\t\t<\/div>\n\t\t\t\t\t\t<\/div>\n\t\t\t\t<\/div>\n\t\t\t\t\t<\/div>\n\t\t<\/div>\n\t\t\t\t\t<\/div>\n\t\t<\/section>\n\t\t\t\t<section class=\"elementor-section elementor-top-section elementor-element elementor-element-d0feded elementor-section-boxed elementor-section-height-default elementor-section-height-default\" data-id=\"d0feded\" data-element_type=\"section\">\n\t\t\t\t\t\t<div class=\"elementor-container elementor-column-gap-default\">\n\t\t\t\t\t<div class=\"elementor-column elementor-col-100 elementor-top-column elementor-element elementor-element-1d2e04d\" data-id=\"1d2e04d\" data-element_type=\"column\">\n\t\t\t<div class=\"elementor-widget-wrap elementor-element-populated\">\n\t\t\t\t\t\t<div class=\"elementor-element elementor-element-f083307 elementor-widget elementor-widget-spacer\" data-id=\"f083307\" data-element_type=\"widget\" data-widget_type=\"spacer.default\">\n\t\t\t\t<div class=\"elementor-widget-container\">\n\t\t\t\t\t\t\t<div class=\"elementor-spacer\">\n\t\t\t<div class=\"elementor-spacer-inner\"><\/div>\n\t\t<\/div>\n\t\t\t\t\t\t<\/div>\n\t\t\t\t<\/div>\n\t\t\t\t\t<\/div>\n\t\t<\/div>\n\t\t\t\t\t<\/div>\n\t\t<\/section>\n\t\t\t\t<section class=\"elementor-section elementor-top-section elementor-element elementor-element-d89470b elementor-section-boxed elementor-section-height-default elementor-section-height-default\" data-id=\"d89470b\" data-element_type=\"section\">\n\t\t\t\t\t\t<div class=\"elementor-container elementor-column-gap-default\">\n\t\t\t\t\t<div class=\"elementor-column elementor-col-33 elementor-top-column elementor-element elementor-element-bb42941\" data-id=\"bb42941\" data-element_type=\"column\">\n\t\t\t<div class=\"elementor-widget-wrap elementor-element-populated\">\n\t\t\t\t\t\t<div class=\"elementor-element elementor-element-c69e0f5 elementor-widget elementor-widget-image\" data-id=\"c69e0f5\" data-element_type=\"widget\" data-widget_type=\"image.default\">\n\t\t\t\t<div class=\"elementor-widget-container\">\n\t\t\t\t\t\t\t\t\t\t\t\t\t\t\t<img fetchpriority=\"high\" decoding=\"async\" width=\"1024\" height=\"1024\" src=\"https:\/\/bienvenuelahaut.fr\/wp-content\/uploads\/2024\/02\/recherche-logement-1024x1024.jpg\" class=\"attachment-large size-large wp-image-3065\" alt=\"\" srcset=\"https:\/\/bienvenuelahaut.fr\/wp-content\/uploads\/2024\/02\/recherche-logement-1024x1024.jpg 1024w, https:\/\/bienvenuelahaut.fr\/wp-content\/uploads\/2024\/02\/recherche-logement-300x300.jpg 300w, https:\/\/bienvenuelahaut.fr\/wp-content\/uploads\/2024\/02\/recherche-logement-150x150.jpg 150w, https:\/\/bienvenuelahaut.fr\/wp-content\/uploads\/2024\/02\/recherche-logement-768x768.jpg 768w, https:\/\/bienvenuelahaut.fr\/wp-content\/uploads\/2024\/02\/recherche-logement-1536x1536.jpg 1536w, https:\/\/bienvenuelahaut.fr\/wp-content\/uploads\/2024\/02\/recherche-logement-2048x2048.jpg 2048w\" sizes=\"(max-width: 1024px) 100vw, 1024px\" \/>\t\t\t\t\t\t\t\t\t\t\t\t\t\t\t<\/div>\n\t\t\t\t<\/div>\n\t\t\t\t<section class=\"elementor-section elementor-inner-section elementor-element elementor-element-9f06081 elementor-section-boxed elementor-section-height-default elementor-section-height-default\" data-id=\"9f06081\" data-element_type=\"section\">\n\t\t\t\t\t\t<div class=\"elementor-container elementor-column-gap-default\">\n\t\t\t\t\t<div class=\"elementor-column elementor-col-100 elementor-inner-column elementor-element elementor-element-bc4388a\" data-id=\"bc4388a\" data-element_type=\"column\">\n\t\t\t<div class=\"elementor-widget-wrap elementor-element-populated\">\n\t\t\t\t\t\t<div class=\"elementor-element elementor-element-de21414 elementor-widget__width-initial elementor-widget elementor-widget-text-editor\" data-id=\"de21414\" data-element_type=\"widget\" data-widget_type=\"text-editor.default\">\n\t\t\t\t<div class=\"elementor-widget-container\">\n\t\t\t\t\t\t\t\t\t<table class=\"r2-o\" role=\"presentation\" border=\"0\" width=\"75%\" cellspacing=\"0\" cellpadding=\"0\"><tbody><tr><td class=\"r18-i nl2go-default-textstyle\" align=\"justify\" valign=\"top\"><div><p style=\"text-align: center\">Toute l&rsquo;ann\u00e9e, nous proposons \u00e0 des artistes de venir explorer le territoire. Cela est rendu possible gr\u00e2ce \u00e0 la complicit\u00e9 de celles et ceux qui pr\u00eatent un appartement ou ouvrent une chambre dans leurs maisons pour les accueillir.<\/p><p style=\"text-align: center\"><b>Si vous souhaitez nous aider\u00a0 contact@bienvenuelahaut.fr<\/b><\/p><\/div><\/td><\/tr><\/tbody><\/table>\t\t\t\t\t\t\t\t<\/div>\n\t\t\t\t<\/div>\n\t\t\t\t\t<\/div>\n\t\t<\/div>\n\t\t\t\t\t<\/div>\n\t\t<\/section>\n\t\t\t\t\t<\/div>\n\t\t<\/div>\n\t\t\t\t<div class=\"elementor-column elementor-col-33 elementor-top-column elementor-element elementor-element-257757f\" data-id=\"257757f\" data-element_type=\"column\">\n\t\t\t<div class=\"elementor-widget-wrap elementor-element-populated\">\n\t\t\t\t\t\t<div class=\"elementor-element elementor-element-96282b6 elementor-widget elementor-widget-image\" data-id=\"96282b6\" data-element_type=\"widget\" data-widget_type=\"image.default\">\n\t\t\t\t<div class=\"elementor-widget-container\">\n\t\t\t\t\t\t\t\t\t\t\t\t\t\t\t<img decoding=\"async\" width=\"1024\" height=\"1024\" src=\"https:\/\/bienvenuelahaut.fr\/wp-content\/uploads\/2024\/02\/cine-prog-2-1024x1024.jpg\" class=\"attachment-large size-large wp-image-3094\" alt=\"\" srcset=\"https:\/\/bienvenuelahaut.fr\/wp-content\/uploads\/2024\/02\/cine-prog-2-1024x1024.jpg 1024w, https:\/\/bienvenuelahaut.fr\/wp-content\/uploads\/2024\/02\/cine-prog-2-300x300.jpg 300w, https:\/\/bienvenuelahaut.fr\/wp-content\/uploads\/2024\/02\/cine-prog-2-150x150.jpg 150w, https:\/\/bienvenuelahaut.fr\/wp-content\/uploads\/2024\/02\/cine-prog-2-768x768.jpg 768w, https:\/\/bienvenuelahaut.fr\/wp-content\/uploads\/2024\/02\/cine-prog-2-1536x1536.jpg 1536w, https:\/\/bienvenuelahaut.fr\/wp-content\/uploads\/2024\/02\/cine-prog-2.jpg 1772w\" sizes=\"(max-width: 1024px) 100vw, 1024px\" \/>\t\t\t\t\t\t\t\t\t\t\t\t\t\t\t<\/div>\n\t\t\t\t<\/div>\n\t\t\t\t<section class=\"elementor-section elementor-inner-section elementor-element elementor-element-0df4f17 elementor-section-boxed elementor-section-height-default elementor-section-height-default\" data-id=\"0df4f17\" data-element_type=\"section\">\n\t\t\t\t\t\t<div class=\"elementor-container elementor-column-gap-default\">\n\t\t\t\t\t<div class=\"elementor-column elementor-col-100 elementor-inner-column elementor-element elementor-element-416193b\" data-id=\"416193b\" data-element_type=\"column\">\n\t\t\t<div class=\"elementor-widget-wrap elementor-element-populated\">\n\t\t\t\t\t\t<div class=\"elementor-element elementor-element-fbb2337 elementor-widget__width-initial elementor-widget elementor-widget-text-editor\" data-id=\"fbb2337\" data-element_type=\"widget\" data-widget_type=\"text-editor.default\">\n\t\t\t\t<div class=\"elementor-widget-container\">\n\t\t\t\t\t\t\t\t\t<table class=\"r2-o alignleft\" role=\"presentation\" border=\"0\" width=\"75%\" cellspacing=\"0\" cellpadding=\"0\"><tbody><tr><td class=\"r18-i nl2go-default-textstyle\" align=\"justify\" valign=\"top\"><p style=\"text-align: center\">Un groupe de b\u00e9n\u00e9voles s&rsquo;est mis en place d\u00e9but 2024 et se retrouve r\u00e9guli\u00e8rement autour de projections, de d\u00e9bats et d&rsquo;envies afin de proposer aux habitants de venir d\u00e9couvrir cette programmation autour des temps Clin d&rsquo;Oeil.<\/p><p style=\"text-align: center\"><b>Si vous souhaitez rejoindre le groupe\u00a0 contact@bienvenuelahaut.fr<\/b><\/p><\/td><\/tr><\/tbody><\/table>\t\t\t\t\t\t\t\t<\/div>\n\t\t\t\t<\/div>\n\t\t\t\t\t<\/div>\n\t\t<\/div>\n\t\t\t\t\t<\/div>\n\t\t<\/section>\n\t\t\t\t\t<\/div>\n\t\t<\/div>\n\t\t\t\t<div class=\"elementor-column elementor-col-33 elementor-top-column elementor-element elementor-element-c85ddf9\" data-id=\"c85ddf9\" data-element_type=\"column\">\n\t\t\t<div class=\"elementor-widget-wrap elementor-element-populated\">\n\t\t\t\t\t\t<div class=\"elementor-element elementor-element-993b6e9 elementor-widget elementor-widget-image\" data-id=\"993b6e9\" data-element_type=\"widget\" data-widget_type=\"image.default\">\n\t\t\t\t<div class=\"elementor-widget-container\">\n\t\t\t\t\t\t\t\t\t\t\t\t\t\t\t<img decoding=\"async\" width=\"1024\" height=\"1024\" src=\"https:\/\/bienvenuelahaut.fr\/wp-content\/uploads\/2024\/02\/reseaux-1-1024x1024.jpg\" class=\"attachment-large size-large wp-image-3069\" alt=\"\" srcset=\"https:\/\/bienvenuelahaut.fr\/wp-content\/uploads\/2024\/02\/reseaux-1-1024x1024.jpg 1024w, https:\/\/bienvenuelahaut.fr\/wp-content\/uploads\/2024\/02\/reseaux-1-300x300.jpg 300w, https:\/\/bienvenuelahaut.fr\/wp-content\/uploads\/2024\/02\/reseaux-1-150x150.jpg 150w, https:\/\/bienvenuelahaut.fr\/wp-content\/uploads\/2024\/02\/reseaux-1-768x768.jpg 768w, https:\/\/bienvenuelahaut.fr\/wp-content\/uploads\/2024\/02\/reseaux-1-1536x1536.jpg 1536w, https:\/\/bienvenuelahaut.fr\/wp-content\/uploads\/2024\/02\/reseaux-1.jpg 1772w\" sizes=\"(max-width: 1024px) 100vw, 1024px\" \/>\t\t\t\t\t\t\t\t\t\t\t\t\t\t\t<\/div>\n\t\t\t\t<\/div>\n\t\t\t\t<section class=\"elementor-section elementor-inner-section elementor-element elementor-element-7f0c565 elementor-section-boxed elementor-section-height-default elementor-section-height-default\" data-id=\"7f0c565\" data-element_type=\"section\">\n\t\t\t\t\t\t<div class=\"elementor-container elementor-column-gap-default\">\n\t\t\t\t\t<div class=\"elementor-column elementor-col-100 elementor-inner-column elementor-element elementor-element-c35d064\" data-id=\"c35d064\" data-element_type=\"column\">\n\t\t\t<div class=\"elementor-widget-wrap elementor-element-populated\">\n\t\t\t\t\t\t<div class=\"elementor-element elementor-element-32a16f1 elementor-widget__width-initial elementor-widget elementor-widget-text-editor\" data-id=\"32a16f1\" data-element_type=\"widget\" data-widget_type=\"text-editor.default\">\n\t\t\t\t<div class=\"elementor-widget-container\">\n\t\t\t\t\t\t\t\t\t<table class=\"r2-o\" role=\"presentation\" border=\"0\" width=\"75%\" cellspacing=\"0\" cellpadding=\"0\"><tbody><tr><td class=\"r18-i nl2go-default-textstyle\" align=\"justify\" valign=\"top\"><div dir=\"auto\" style=\"text-align: center\">Retrouvez toute notre actualit\u00e9 et toutes nos infos pratiques sur nos diff\u00e9rents canaux de communication !\u00a0<\/div><div dir=\"auto\" style=\"text-align: center\">\u00a0<\/div><div dir=\"auto\" style=\"text-align: center\"><b><a href=\"https:\/\/www.facebook.com\/Bienvenuelahaut\/\">Facebook<\/a><\/b><\/div><div dir=\"auto\" style=\"text-align: center\"><strong><a href=\"https:\/\/www.instagram.com\/bienvenuelahaut\/\">Instagram<\/a><\/strong><strong>\u00a0<\/strong><\/div><div dir=\"auto\" style=\"text-align: center\"><strong><a href=\"https:\/\/chat.whatsapp.com\/J9iJplN7P9bI9QPCgPAt4C\">Groupe Whatsapp<\/a><\/strong><\/div><div dir=\"auto\" style=\"text-align: center\"><strong><a href=\"https:\/\/cc0e8d06.sibforms.com\/serve\/MUIFAF5HoiLoMlzraacl8HP2bXFvqt8SGLNfBiDUfFi9-hyntMV45Lvs7FApeodapYrUqQqEL2C981007rLCuEel-joXHPJZyOfoFXCqpAaNKJWluwv5idyPlxYI6uPNUyyHPyeZojw2LUZXPvj5sazljYHdEyeqXXIGMgnzbGpcqIO6GNeSJgaeK3Xn31k1XN36ohvqLIVC5ooj\">La Lettre<\/a><\/strong><\/div><div dir=\"auto\" style=\"text-align: center\">\u00a0<\/div><div dir=\"auto\">\u00a0<\/div><\/td><\/tr><\/tbody><\/table>\t\t\t\t\t\t\t\t<\/div>\n\t\t\t\t<\/div>\n\t\t\t\t\t<\/div>\n\t\t<\/div>\n\t\t\t\t\t<\/div>\n\t\t<\/section>\n\t\t\t\t\t<\/div>\n\t\t<\/div>\n\t\t\t\t\t<\/div>\n\t\t<\/section>\n\t\t\t\t<\/div>\n\t\t","protected":false},"excerpt":{"rendered":"<p>Participer Les actions de Bienvenue l\u00e0-haut se construisent par et pour les habitants : h\u00e9bergement des artistes chez l\u2019habitant, temps de convivialit\u00e9 partag\u00e9s, mais aussi participation au processus de cr\u00e9ation. Chaque projet est con\u00e7u en synergie avec des partenaires de tous horizons, artisans, institutionnels, commer\u00e7ants\u2026 Le r\u00f4le des b\u00e9n\u00e9voles est fondamental, le programme est [&hellip;]<\/p>\n","protected":false},"author":2,"featured_media":0,"parent":428,"menu_order":0,"comment_status":"closed","ping_status":"closed","template":"","meta":{"om_disable_all_campaigns":false,"_monsterinsights_skip_tracking":false,"_monsterinsights_sitenote_active":false,"_monsterinsights_sitenote_note":"","_monsterinsights_sitenote_category":0,"site-sidebar-layout":"no-sidebar","site-content-layout":"page-builder","ast-site-content-layout":"","site-content-style":"default","site-sidebar-style":"default","ast-global-header-display":"","ast-banner-title-visibility":"","ast-main-header-display":"","ast-hfb-above-header-display":"","ast-hfb-below-header-display":"","ast-hfb-mobile-header-display":"","site-post-title":"disabled","ast-breadcrumbs-content":"","ast-featured-img":"disabled","footer-sml-layout":"","theme-transparent-header-meta":"","adv-header-id-meta":"","stick-header-meta":"","header-above-stick-meta":"","header-main-stick-meta":"","header-below-stick-meta":"","astra-migrate-meta-layouts":"default","ast-page-background-enabled":"default","ast-page-background-meta":{"desktop":{"background-color":"","background-image":"","background-repeat":"repeat","background-position":"center center","background-size":"auto","background-attachment":"scroll","background-type":"","background-media":"","overlay-type":"","overlay-color":"","overlay-gradient":""},"tablet":{"background-color":"","background-image":"","background-repeat":"repeat","background-position":"center center","background-size":"auto","background-attachment":"scroll","background-type":"","background-media":"","overlay-type":"","overlay-color":"","overlay-gradient":""},"mobile":{"background-color":"","background-image":"","background-repeat":"repeat","background-position":"center center","background-size":"auto","background-attachment":"scroll","background-type":"","background-media":"","overlay-type":"","overlay-color":"","overlay-gradient":""}},"ast-content-background-meta":{"desktop":{"background-color":"var(--ast-global-color-5)","background-image":"","background-repeat":"repeat","background-position":"center center","background-size":"auto","background-attachment":"scroll","background-type":"","background-media":"","overlay-type":"","overlay-color":"","overlay-gradient":""},"tablet":{"background-color":"var(--ast-global-color-5)","background-image":"","background-repeat":"repeat","background-position":"center center","background-size":"auto","background-attachment":"scroll","background-type":"","background-media":"","overlay-type":"","overlay-color":"","overlay-gradient":""},"mobile":{"background-color":"var(--ast-global-color-5)","background-image":"","background-repeat":"repeat","background-position":"center center","background-size":"auto","background-attachment":"scroll","background-type":"","background-media":"","overlay-type":"","overlay-color":"","overlay-gradient":""}},"footnotes":""},"class_list":["post-445","page","type-page","status-publish","hentry"],"aioseo_notices":[],"_links":{"self":[{"href":"https:\/\/bienvenuelahaut.fr\/index.php\/wp-json\/wp\/v2\/pages\/445","targetHints":{"allow":["GET"]}}],"collection":[{"href":"https:\/\/bienvenuelahaut.fr\/index.php\/wp-json\/wp\/v2\/pages"}],"about":[{"href":"https:\/\/bienvenuelahaut.fr\/index.php\/wp-json\/wp\/v2\/types\/page"}],"author":[{"embeddable":true,"href":"https:\/\/bienvenuelahaut.fr\/index.php\/wp-json\/wp\/v2\/users\/2"}],"replies":[{"embeddable":true,"href":"https:\/\/bienvenuelahaut.fr\/index.php\/wp-json\/wp\/v2\/comments?post=445"}],"version-history":[{"count":40,"href":"https:\/\/bienvenuelahaut.fr\/index.php\/wp-json\/wp\/v2\/pages\/445\/revisions"}],"predecessor-version":[{"id":4410,"href":"https:\/\/bienvenuelahaut.fr\/index.php\/wp-json\/wp\/v2\/pages\/445\/revisions\/4410"}],"up":[{"embeddable":true,"href":"https:\/\/bienvenuelahaut.fr\/index.php\/wp-json\/wp\/v2\/pages\/428"}],"wp:attachment":[{"href":"https:\/\/bienvenuelahaut.fr\/index.php\/wp-json\/wp\/v2\/media?parent=445"}],"curies":[{"name":"wp","href":"https:\/\/api.w.org\/{rel}","templated":true}]}}