{"id":4333,"date":"2025-02-19T09:04:51","date_gmt":"2025-02-19T08:04:51","guid":{"rendered":"https:\/\/bienvenuelahaut.fr\/?page_id=4333"},"modified":"2025-11-26T11:03:14","modified_gmt":"2025-11-26T10:03:14","slug":"lequipe","status":"publish","type":"page","link":"https:\/\/bienvenuelahaut.fr\/index.php\/lequipe\/","title":{"rendered":"L&rsquo;\u00e9quipe"},"content":{"rendered":"\t\t<div data-elementor-type=\"wp-page\" data-elementor-id=\"4333\" class=\"elementor elementor-4333\">\n\t\t\t\t\t\t<section class=\"elementor-section elementor-top-section elementor-element elementor-element-44f75972 elementor-section-boxed elementor-section-height-default elementor-section-height-default\" data-id=\"44f75972\" data-element_type=\"section\">\n\t\t\t\t\t\t<div class=\"elementor-container elementor-column-gap-default\">\n\t\t\t\t\t<div class=\"elementor-column elementor-col-100 elementor-top-column elementor-element elementor-element-65050e99\" data-id=\"65050e99\" data-element_type=\"column\">\n\t\t\t<div class=\"elementor-widget-wrap elementor-element-populated\">\n\t\t\t\t\t\t<div class=\"elementor-element elementor-element-73ca64c6 elementor-widget elementor-widget-heading\" data-id=\"73ca64c6\" data-element_type=\"widget\" data-widget_type=\"heading.default\">\n\t\t\t\t<div class=\"elementor-widget-container\">\n\t\t\t\t\t<h2 class=\"elementor-heading-title elementor-size-default\">L'\u00e9quipe<\/h2>\t\t\t\t<\/div>\n\t\t\t\t<\/div>\n\t\t\t\t\t<\/div>\n\t\t<\/div>\n\t\t\t\t\t<\/div>\n\t\t<\/section>\n\t\t\t\t<section class=\"elementor-section elementor-top-section elementor-element elementor-element-39448a79 elementor-section-boxed elementor-section-height-default elementor-section-height-default\" data-id=\"39448a79\" data-element_type=\"section\">\n\t\t\t\t\t\t<div class=\"elementor-container elementor-column-gap-default\">\n\t\t\t\t\t<div class=\"elementor-column elementor-col-100 elementor-top-column elementor-element elementor-element-21471624\" data-id=\"21471624\" data-element_type=\"column\">\n\t\t\t<div class=\"elementor-widget-wrap elementor-element-populated\">\n\t\t\t\t\t\t<div class=\"elementor-element elementor-element-553a8666 elementor-widget-divider--view-line elementor-widget elementor-widget-divider\" data-id=\"553a8666\" data-element_type=\"widget\" data-widget_type=\"divider.default\">\n\t\t\t\t<div class=\"elementor-widget-container\">\n\t\t\t\t\t\t\t<div class=\"elementor-divider\">\n\t\t\t<span class=\"elementor-divider-separator\">\n\t\t\t\t\t\t<\/span>\n\t\t<\/div>\n\t\t\t\t\t\t<\/div>\n\t\t\t\t<\/div>\n\t\t\t\t<div class=\"elementor-element elementor-element-6bdca68c elementor-widget elementor-widget-heading\" data-id=\"6bdca68c\" data-element_type=\"widget\" data-widget_type=\"heading.default\">\n\t\t\t\t<div class=\"elementor-widget-container\">\n\t\t\t\t\t<h3 class=\"elementor-heading-title elementor-size-default\">Romain Barr\u00e9<\/h3>\t\t\t\t<\/div>\n\t\t\t\t<\/div>\n\t\t\t\t<div class=\"elementor-element elementor-element-ae7581d elementor-widget elementor-widget-text-editor\" data-id=\"ae7581d\" data-element_type=\"widget\" data-widget_type=\"text-editor.default\">\n\t\t\t\t<div class=\"elementor-widget-container\">\n\t\t\t\t\t\t\t\t\t<h4>Responsable &#8211; en poste depuis septembre 2021<\/h4><div>contact@bienvenuelahaut.fr<\/div>\t\t\t\t\t\t\t\t<\/div>\n\t\t\t\t<\/div>\n\t\t\t\t<div class=\"elementor-element elementor-element-05f1a40 elementor-widget-divider--view-line elementor-widget elementor-widget-divider\" data-id=\"05f1a40\" data-element_type=\"widget\" data-widget_type=\"divider.default\">\n\t\t\t\t<div class=\"elementor-widget-container\">\n\t\t\t\t\t\t\t<div class=\"elementor-divider\">\n\t\t\t<span class=\"elementor-divider-separator\">\n\t\t\t\t\t\t<\/span>\n\t\t<\/div>\n\t\t\t\t\t\t<\/div>\n\t\t\t\t<\/div>\n\t\t\t\t<div class=\"elementor-element elementor-element-413081a elementor-widget elementor-widget-heading\" data-id=\"413081a\" data-element_type=\"widget\" data-widget_type=\"heading.default\">\n\t\t\t\t<div class=\"elementor-widget-container\">\n\t\t\t\t\t<h3 class=\"elementor-heading-title elementor-size-default\">Enora El Fathaoui<\/h3>\t\t\t\t<\/div>\n\t\t\t\t<\/div>\n\t\t\t\t<div class=\"elementor-element elementor-element-fa30bf2 elementor-widget elementor-widget-text-editor\" data-id=\"fa30bf2\" data-element_type=\"widget\" data-widget_type=\"text-editor.default\">\n\t\t\t\t<div class=\"elementor-widget-container\">\n\t\t\t\t\t\t\t\t\t<h4>Charg\u00e9e de production et de communication &#8211; en poste depuis septembre 2025<\/h4><div>contact@bienvenuelahaut.fr<\/div>\t\t\t\t\t\t\t\t<\/div>\n\t\t\t\t<\/div>\n\t\t\t\t<div class=\"elementor-element elementor-element-a2b665d elementor-widget-divider--view-line elementor-widget elementor-widget-divider\" data-id=\"a2b665d\" data-element_type=\"widget\" data-widget_type=\"divider.default\">\n\t\t\t\t<div class=\"elementor-widget-container\">\n\t\t\t\t\t\t\t<div class=\"elementor-divider\">\n\t\t\t<span class=\"elementor-divider-separator\">\n\t\t\t\t\t\t<\/span>\n\t\t<\/div>\n\t\t\t\t\t\t<\/div>\n\t\t\t\t<\/div>\n\t\t\t\t<div class=\"elementor-element elementor-element-268e1cf elementor-widget elementor-widget-heading\" data-id=\"268e1cf\" data-element_type=\"widget\" data-widget_type=\"heading.default\">\n\t\t\t\t<div class=\"elementor-widget-container\">\n\t\t\t\t\t<h3 class=\"elementor-heading-title elementor-size-default\">Pam\u00e9la Le Gouill<\/h3>\t\t\t\t<\/div>\n\t\t\t\t<\/div>\n\t\t\t\t<div class=\"elementor-element elementor-element-013f7e5 elementor-widget elementor-widget-text-editor\" data-id=\"013f7e5\" data-element_type=\"widget\" data-widget_type=\"text-editor.default\">\n\t\t\t\t<div class=\"elementor-widget-container\">\n\t\t\t\t\t\t\t\t\t<h4>Volontaire en service civique &#8211; d\u00e9but de mission en octobre 2025<\/h4><div>contact@bienvenuelahaut.fr<\/div>\t\t\t\t\t\t\t\t<\/div>\n\t\t\t\t<\/div>\n\t\t\t\t<div class=\"elementor-element elementor-element-2cbe288a elementor-widget-divider--view-line elementor-widget elementor-widget-divider\" data-id=\"2cbe288a\" data-element_type=\"widget\" data-widget_type=\"divider.default\">\n\t\t\t\t<div class=\"elementor-widget-container\">\n\t\t\t\t\t\t\t<div class=\"elementor-divider\">\n\t\t\t<span class=\"elementor-divider-separator\">\n\t\t\t\t\t\t<\/span>\n\t\t<\/div>\n\t\t\t\t\t\t<\/div>\n\t\t\t\t<\/div>\n\t\t\t\t<div class=\"elementor-element elementor-element-60761e3 elementor-widget elementor-widget-heading\" data-id=\"60761e3\" data-element_type=\"widget\" data-widget_type=\"heading.default\">\n\t\t\t\t<div class=\"elementor-widget-container\">\n\t\t\t\t\t<h3 class=\"elementor-heading-title elementor-size-default\">Romy Warnier<\/h3>\t\t\t\t<\/div>\n\t\t\t\t<\/div>\n\t\t\t\t<div class=\"elementor-element elementor-element-20947fe elementor-widget elementor-widget-text-editor\" data-id=\"20947fe\" data-element_type=\"widget\" data-widget_type=\"text-editor.default\">\n\t\t\t\t<div class=\"elementor-widget-container\">\n\t\t\t\t\t\t\t\t\t<h4>Volontaire en service civique &#8211; d\u00e9but de mission en janvier 2026<\/h4><div>contact@bienvenuelahaut.fr<\/div>\t\t\t\t\t\t\t\t<\/div>\n\t\t\t\t<\/div>\n\t\t\t\t<div class=\"elementor-element elementor-element-ea9b9ea elementor-widget-divider--view-line elementor-widget elementor-widget-divider\" data-id=\"ea9b9ea\" data-element_type=\"widget\" data-widget_type=\"divider.default\">\n\t\t\t\t<div class=\"elementor-widget-container\">\n\t\t\t\t\t\t\t<div class=\"elementor-divider\">\n\t\t\t<span class=\"elementor-divider-separator\">\n\t\t\t\t\t\t<\/span>\n\t\t<\/div>\n\t\t\t\t\t\t<\/div>\n\t\t\t\t<\/div>\n\t\t\t\t<div class=\"elementor-element elementor-element-7733fed elementor-widget elementor-widget-heading\" data-id=\"7733fed\" data-element_type=\"widget\" data-widget_type=\"heading.default\">\n\t\t\t\t<div class=\"elementor-widget-container\">\n\t\t\t\t\t<h5 class=\"elementor-heading-title elementor-size-default\">LES B<span style=\"color: var(--ast-global-color-2);font-size: 1.125rem;background-color: var(--ast-global-color-4)\">\u00c9N<\/span><span style=\"color: var(--ast-global-color-2);font-size: 1.125rem;background-color: var(--ast-global-color-4)\">\u00c9VOLES ACTIF\u00b7VE\u00b7S<\/span><span style=\"color: var(--ast-global-color-2);font-size: 1.125rem;font-style: inherit;letter-spacing: 0px;background-color: var(--ast-global-color-4)\"><\/span><br><\/h5>\t\t\t\t<\/div>\n\t\t\t\t<\/div>\n\t\t\t\t<div class=\"elementor-element elementor-element-25b7f5d elementor-widget elementor-widget-text-editor\" data-id=\"25b7f5d\" data-element_type=\"widget\" data-widget_type=\"text-editor.default\">\n\t\t\t\t<div class=\"elementor-widget-container\">\n\t\t\t\t\t\t\t\t\t<h4>Le projet de Bienvenue l\u00e0-haut est fond\u00e9 sur la forte implication d&rsquo;<span style=\"color: var(--ast-global-color-2);font-size: 1.375rem;background-color: var(--ast-global-color-4)\">Axelle,\u00a0<\/span><span style=\"background-color: var(--ast-global-color-4);color: var(--ast-global-color-2);font-size: 1.375rem;font-style: inherit;letter-spacing: 0px\">Blandine (membre CA ACSSQ), Camille,\u00a0<\/span><span style=\"background-color: var(--ast-global-color-4);color: var(--ast-global-color-2);font-size: 1.375rem;font-style: inherit;letter-spacing: 0px\">C\u00e9cile,<\/span><span style=\"background-color: var(--ast-global-color-4);color: var(--ast-global-color-2);font-size: 1.375rem;font-style: inherit;letter-spacing: 0px\">\u00a0<\/span><span style=\"background-color: var(--ast-global-color-4);color: var(--ast-global-color-2);font-size: 1.375rem;font-style: inherit;letter-spacing: 0px\">Estelle,\u00a0<\/span><span style=\"color: var(--ast-global-color-2);font-size: 1.375rem;font-style: inherit;letter-spacing: 0px;background-color: var(--ast-global-color-4)\">Jean-Pierre (Co-Pr\u00e9sident ACSSQ), Sabine, Salom\u00e9, Sylvie,\u00a0<\/span><span style=\"background-color: var(--ast-global-color-4);color: var(--ast-global-color-2);font-size: 1.375rem;font-style: inherit;letter-spacing: 0px\">V\u00e9ronique et\u00a0<\/span><span style=\"color: var(--ast-global-color-2);font-size: 1.375rem;font-style: inherit;letter-spacing: 0px;background-color: var(--ast-global-color-4)\">Virginie,<\/span><span style=\"color: var(--ast-global-color-2);font-size: 1.375rem;font-style: inherit;letter-spacing: 0px;background-color: var(--ast-global-color-4)\">\u00a0b\u00e9n\u00e9voles de l\u2019association. Une commission compos\u00e9e de ces dernier\u00b7es se r\u00e9unit mensuellement pour \u00e9voquer les projets et leur modalit\u00e9 de r\u00e9alisation. Ils\/elles peuvent \u00e9galement \u00eatre amen\u00e9\u00b7es \u00e0 accueillir les artistes et \u00eatre invit\u00e9\u00b7es \u00e0 participer aux projets propos\u00e9s.<\/span><\/h4>\t\t\t\t\t\t\t\t<\/div>\n\t\t\t\t<\/div>\n\t\t\t\t<div class=\"elementor-element elementor-element-4b46d30 elementor-widget-divider--view-line elementor-widget elementor-widget-divider\" data-id=\"4b46d30\" data-element_type=\"widget\" data-widget_type=\"divider.default\">\n\t\t\t\t<div class=\"elementor-widget-container\">\n\t\t\t\t\t\t\t<div class=\"elementor-divider\">\n\t\t\t<span class=\"elementor-divider-separator\">\n\t\t\t\t\t\t<\/span>\n\t\t<\/div>\n\t\t\t\t\t\t<\/div>\n\t\t\t\t<\/div>\n\t\t\t\t<div class=\"elementor-element elementor-element-6041dee elementor-widget elementor-widget-heading\" data-id=\"6041dee\" data-element_type=\"widget\" data-widget_type=\"heading.default\">\n\t\t\t\t<div class=\"elementor-widget-container\">\n\t\t\t\t\t<h5 class=\"elementor-heading-title elementor-size-default\">ILS\/ELLES ONT TRAVAILL\u00c9 AVEC NOUS<\/h5>\t\t\t\t<\/div>\n\t\t\t\t<\/div>\n\t\t\t\t<div class=\"elementor-element elementor-element-c8bff3e elementor-widget elementor-widget-heading\" data-id=\"c8bff3e\" data-element_type=\"widget\" data-widget_type=\"heading.default\">\n\t\t\t\t<div class=\"elementor-widget-container\">\n\t\t\t\t\t<h4 class=\"elementor-heading-title elementor-size-default\">Manon Vercueil<\/h4>\t\t\t\t<\/div>\n\t\t\t\t<\/div>\n\t\t\t\t<div class=\"elementor-element elementor-element-a874df3 elementor-widget elementor-widget-text-editor\" data-id=\"a874df3\" data-element_type=\"widget\" data-widget_type=\"text-editor.default\">\n\t\t\t\t<div class=\"elementor-widget-container\">\n\t\t\t\t\t\t\t\t\t<h5>Charg\u00e9e de production et de communication &#8211; de 2023 \u00e0 2025<\/h5>\t\t\t\t\t\t\t\t<\/div>\n\t\t\t\t<\/div>\n\t\t\t\t<div class=\"elementor-element elementor-element-275c85c elementor-widget elementor-widget-heading\" data-id=\"275c85c\" data-element_type=\"widget\" data-widget_type=\"heading.default\">\n\t\t\t\t<div class=\"elementor-widget-container\">\n\t\t\t\t\t<h4 class=\"elementor-heading-title elementor-size-default\">Enora El Fathaoui<\/h4>\t\t\t\t<\/div>\n\t\t\t\t<\/div>\n\t\t\t\t<div class=\"elementor-element elementor-element-baf737c elementor-widget elementor-widget-text-editor\" data-id=\"baf737c\" data-element_type=\"widget\" data-widget_type=\"text-editor.default\">\n\t\t\t\t<div class=\"elementor-widget-container\">\n\t\t\t\t\t\t\t\t\t<h5>Volontaire en service civique &#8211; 2025<\/h5>\t\t\t\t\t\t\t\t<\/div>\n\t\t\t\t<\/div>\n\t\t\t\t<div class=\"elementor-element elementor-element-9951f65 elementor-widget elementor-widget-heading\" data-id=\"9951f65\" data-element_type=\"widget\" data-widget_type=\"heading.default\">\n\t\t\t\t<div class=\"elementor-widget-container\">\n\t\t\t\t\t<h4 class=\"elementor-heading-title elementor-size-default\">Vincent Vigoureux<\/h4>\t\t\t\t<\/div>\n\t\t\t\t<\/div>\n\t\t\t\t<div class=\"elementor-element elementor-element-6161dd6 elementor-widget elementor-widget-text-editor\" data-id=\"6161dd6\" data-element_type=\"widget\" data-widget_type=\"text-editor.default\">\n\t\t\t\t<div class=\"elementor-widget-container\">\n\t\t\t\t\t\t\t\t\t<h5>Volontaire en service civique &#8211; 2025<\/h5>\t\t\t\t\t\t\t\t<\/div>\n\t\t\t\t<\/div>\n\t\t\t\t<div class=\"elementor-element elementor-element-4944b74 elementor-widget elementor-widget-heading\" data-id=\"4944b74\" data-element_type=\"widget\" data-widget_type=\"heading.default\">\n\t\t\t\t<div class=\"elementor-widget-container\">\n\t\t\t\t\t<h4 class=\"elementor-heading-title elementor-size-default\">Justine Florence<\/h4>\t\t\t\t<\/div>\n\t\t\t\t<\/div>\n\t\t\t\t<div class=\"elementor-element elementor-element-7b04efd elementor-widget elementor-widget-text-editor\" data-id=\"7b04efd\" data-element_type=\"widget\" data-widget_type=\"text-editor.default\">\n\t\t\t\t<div class=\"elementor-widget-container\">\n\t\t\t\t\t\t\t\t\t<h5>Volontaire en service civique &#8211; 2024<\/h5>\t\t\t\t\t\t\t\t<\/div>\n\t\t\t\t<\/div>\n\t\t\t\t<div class=\"elementor-element elementor-element-1d2fd50 elementor-widget elementor-widget-heading\" data-id=\"1d2fd50\" data-element_type=\"widget\" data-widget_type=\"heading.default\">\n\t\t\t\t<div class=\"elementor-widget-container\">\n\t\t\t\t\t<h4 class=\"elementor-heading-title elementor-size-default\">Marie Lebrun<\/h4>\t\t\t\t<\/div>\n\t\t\t\t<\/div>\n\t\t\t\t<div class=\"elementor-element elementor-element-376a8a4 elementor-widget elementor-widget-text-editor\" data-id=\"376a8a4\" data-element_type=\"widget\" data-widget_type=\"text-editor.default\">\n\t\t\t\t<div class=\"elementor-widget-container\">\n\t\t\t\t\t\t\t\t\t<h5>Volontaire en service civique &#8211; 2024<\/h5>\t\t\t\t\t\t\t\t<\/div>\n\t\t\t\t<\/div>\n\t\t\t\t<div class=\"elementor-element elementor-element-c6c017e elementor-widget elementor-widget-heading\" data-id=\"c6c017e\" data-element_type=\"widget\" data-widget_type=\"heading.default\">\n\t\t\t\t<div class=\"elementor-widget-container\">\n\t\t\t\t\t<h4 class=\"elementor-heading-title elementor-size-default\">Mariam Kostanian<\/h4>\t\t\t\t<\/div>\n\t\t\t\t<\/div>\n\t\t\t\t<div class=\"elementor-element elementor-element-3c3a5ca elementor-widget elementor-widget-text-editor\" data-id=\"3c3a5ca\" data-element_type=\"widget\" data-widget_type=\"text-editor.default\">\n\t\t\t\t<div class=\"elementor-widget-container\">\n\t\t\t\t\t\t\t\t\t<h5>Volontaire en service civique &#8211; 2024<\/h5>\t\t\t\t\t\t\t\t<\/div>\n\t\t\t\t<\/div>\n\t\t\t\t<div class=\"elementor-element elementor-element-8663122 elementor-widget elementor-widget-heading\" data-id=\"8663122\" data-element_type=\"widget\" data-widget_type=\"heading.default\">\n\t\t\t\t<div class=\"elementor-widget-container\">\n\t\t\t\t\t<h4 class=\"elementor-heading-title elementor-size-default\">Axelle Beth<\/h4>\t\t\t\t<\/div>\n\t\t\t\t<\/div>\n\t\t\t\t<div class=\"elementor-element elementor-element-3ef628e elementor-widget elementor-widget-text-editor\" data-id=\"3ef628e\" data-element_type=\"widget\" data-widget_type=\"text-editor.default\">\n\t\t\t\t<div class=\"elementor-widget-container\">\n\t\t\t\t\t\t\t\t\t<h5>Charg\u00e9e de production et communication &#8211; de 2022 \u00e0 2023<\/h5>\t\t\t\t\t\t\t\t<\/div>\n\t\t\t\t<\/div>\n\t\t\t\t\t<\/div>\n\t\t<\/div>\n\t\t\t\t\t<\/div>\n\t\t<\/section>\n\t\t\t\t<\/div>\n\t\t","protected":false},"excerpt":{"rendered":"<p>L&rsquo;\u00e9quipe Romain Barr\u00e9 Responsable &#8211; en poste depuis septembre 2021 contact@bienvenuelahaut.fr Enora El Fathaoui Charg\u00e9e de production et de communication &#8211; en poste depuis septembre 2025 contact@bienvenuelahaut.fr Pam\u00e9la Le Gouill Volontaire en service civique &#8211; d\u00e9but de mission en octobre 2025 contact@bienvenuelahaut.fr Romy Warnier Volontaire en service civique &#8211; d\u00e9but de mission en janvier [&hellip;]<\/p>\n","protected":false},"author":2,"featured_media":0,"parent":0,"menu_order":0,"comment_status":"closed","ping_status":"closed","template":"","meta":{"om_disable_all_campaigns":false,"_monsterinsights_skip_tracking":false,"_monsterinsights_sitenote_active":false,"_monsterinsights_sitenote_note":"","_monsterinsights_sitenote_category":0,"site-sidebar-layout":"no-sidebar","site-content-layout":"page-builder","ast-site-content-layout":"full-width-container","site-content-style":"default","site-sidebar-style":"default","ast-global-header-display":"","ast-banner-title-visibility":"","ast-main-header-display":"","ast-hfb-above-header-display":"","ast-hfb-below-header-display":"","ast-hfb-mobile-header-display":"","site-post-title":"disabled","ast-breadcrumbs-content":"","ast-featured-img":"disabled","footer-sml-layout":"","theme-transparent-header-meta":"","adv-header-id-meta":"","stick-header-meta":"","header-above-stick-meta":"","header-main-stick-meta":"","header-below-stick-meta":"","astra-migrate-meta-layouts":"set","ast-page-background-enabled":"default","ast-page-background-meta":{"desktop":{"background-color":"","background-image":"","background-repeat":"repeat","background-position":"center center","background-size":"auto","background-attachment":"scroll","background-type":"","background-media":"","overlay-type":"","overlay-color":"","overlay-gradient":""},"tablet":{"background-color":"","background-image":"","background-repeat":"repeat","background-position":"center center","background-size":"auto","background-attachment":"scroll","background-type":"","background-media":"","overlay-type":"","overlay-color":"","overlay-gradient":""},"mobile":{"background-color":"","background-image":"","background-repeat":"repeat","background-position":"center center","background-size":"auto","background-attachment":"scroll","background-type":"","background-media":"","overlay-type":"","overlay-color":"","overlay-gradient":""}},"ast-content-background-meta":{"desktop":{"background-color":"var(--ast-global-color-5)","background-image":"","background-repeat":"repeat","background-position":"center center","background-size":"auto","background-attachment":"scroll","background-type":"","background-media":"","overlay-type":"","overlay-color":"","overlay-gradient":""},"tablet":{"background-color":"var(--ast-global-color-5)","background-image":"","background-repeat":"repeat","background-position":"center center","background-size":"auto","background-attachment":"scroll","background-type":"","background-media":"","overlay-type":"","overlay-color":"","overlay-gradient":""},"mobile":{"background-color":"var(--ast-global-color-5)","background-image":"","background-repeat":"repeat","background-position":"center center","background-size":"auto","background-attachment":"scroll","background-type":"","background-media":"","overlay-type":"","overlay-color":"","overlay-gradient":""}},"footnotes":""},"class_list":["post-4333","page","type-page","status-publish","hentry"],"aioseo_notices":[],"_links":{"self":[{"href":"https:\/\/bienvenuelahaut.fr\/index.php\/wp-json\/wp\/v2\/pages\/4333","targetHints":{"allow":["GET"]}}],"collection":[{"href":"https:\/\/bienvenuelahaut.fr\/index.php\/wp-json\/wp\/v2\/pages"}],"about":[{"href":"https:\/\/bienvenuelahaut.fr\/index.php\/wp-json\/wp\/v2\/types\/page"}],"author":[{"embeddable":true,"href":"https:\/\/bienvenuelahaut.fr\/index.php\/wp-json\/wp\/v2\/users\/2"}],"replies":[{"embeddable":true,"href":"https:\/\/bienvenuelahaut.fr\/index.php\/wp-json\/wp\/v2\/comments?post=4333"}],"version-history":[{"count":37,"href":"https:\/\/bienvenuelahaut.fr\/index.php\/wp-json\/wp\/v2\/pages\/4333\/revisions"}],"predecessor-version":[{"id":5150,"href":"https:\/\/bienvenuelahaut.fr\/index.php\/wp-json\/wp\/v2\/pages\/4333\/revisions\/5150"}],"wp:attachment":[{"href":"https:\/\/bienvenuelahaut.fr\/index.php\/wp-json\/wp\/v2\/media?parent=4333"}],"curies":[{"name":"wp","href":"https:\/\/api.w.org\/{rel}","templated":true}]}}