{"id":430,"date":"2022-09-20T09:47:13","date_gmt":"2022-09-20T07:47:13","guid":{"rendered":"http:\/\/bienvenuelahaut.fr\/?page_id=430"},"modified":"2023-05-31T16:33:13","modified_gmt":"2023-05-31T14:33:13","slug":"actions","status":"publish","type":"page","link":"https:\/\/bienvenuelahaut.fr\/index.php\/actions\/","title":{"rendered":"Actions"},"content":{"rendered":"\t\t<div data-elementor-type=\"wp-page\" data-elementor-id=\"430\" class=\"elementor elementor-430\">\n\t\t\t\t\t\t<section class=\"elementor-section elementor-top-section elementor-element elementor-element-155e66ec elementor-section-boxed elementor-section-height-default elementor-section-height-default\" data-id=\"155e66ec\" data-element_type=\"section\" data-settings=\"{&quot;background_background&quot;:&quot;classic&quot;}\">\n\t\t\t\t\t\t\t<div class=\"elementor-background-overlay\"><\/div>\n\t\t\t\t\t\t\t<div class=\"elementor-container elementor-column-gap-no\">\n\t\t\t\t\t<div class=\"elementor-column elementor-col-100 elementor-top-column elementor-element elementor-element-43f8d80e\" data-id=\"43f8d80e\" data-element_type=\"column\">\n\t\t\t<div class=\"elementor-widget-wrap elementor-element-populated\">\n\t\t\t\t\t\t<div class=\"elementor-element elementor-element-5801226 elementor-widget elementor-widget-heading\" data-id=\"5801226\" data-element_type=\"widget\" data-widget_type=\"heading.default\">\n\t\t\t\t<div class=\"elementor-widget-container\">\n\t\t\t\t\t<h2 class=\"elementor-heading-title elementor-size-default\">Actions<\/h2>\t\t\t\t<\/div>\n\t\t\t\t<\/div>\n\t\t\t\t<section class=\"elementor-section elementor-inner-section elementor-element elementor-element-6bec35a6 elementor-section-boxed elementor-section-height-default elementor-section-height-default\" data-id=\"6bec35a6\" data-element_type=\"section\">\n\t\t\t\t\t\t<div class=\"elementor-container elementor-column-gap-no\">\n\t\t\t\t\t<div class=\"elementor-column elementor-col-33 elementor-inner-column elementor-element elementor-element-797d2336\" data-id=\"797d2336\" data-element_type=\"column\">\n\t\t\t<div class=\"elementor-widget-wrap elementor-element-populated\">\n\t\t\t\t\t\t<div class=\"elementor-element elementor-element-49354dd elementor-widget elementor-widget-heading\" data-id=\"49354dd\" data-element_type=\"widget\" data-widget_type=\"heading.default\">\n\t\t\t\t<div class=\"elementor-widget-container\">\n\t\t\t\t\t<h5 class=\"elementor-heading-title elementor-size-default\"><a href=\"https:\/\/bienvenuelahaut.fr\/index.php\/category\/residences-artistiques\/\">R\u00e9sidence artistiques<\/a><\/h5>\t\t\t\t<\/div>\n\t\t\t\t<\/div>\n\t\t\t\t<div class=\"elementor-element elementor-element-58bd2453 elementor-widget elementor-widget-testimonial\" data-id=\"58bd2453\" data-element_type=\"widget\" data-widget_type=\"testimonial.default\">\n\t\t\t\t<div class=\"elementor-widget-container\">\n\t\t\t\t\t\t\t<div class=\"elementor-testimonial-wrapper\">\n\t\t\t\t\t\t\t<div class=\"elementor-testimonial-content\">A travers une dynamique de r\u00e9sidences, nous accueillons des artistes de \ndiff\u00e9rentes disciplines pour permettre une v\u00e9ritable immersion sur le \nterritoire et une rencontre approfondie avec les habitants que nous \ncherchons \u00e0 impliquer le plus possible \u00e0 travers l\u2019accueil des artistes.<\/div>\n\t\t\t\n\t\t\t\t\t<\/div>\n\t\t\t\t\t\t<\/div>\n\t\t\t\t<\/div>\n\t\t\t\t\t<\/div>\n\t\t<\/div>\n\t\t\t\t<div class=\"elementor-column elementor-col-33 elementor-inner-column elementor-element elementor-element-7d7f3fb1\" data-id=\"7d7f3fb1\" data-element_type=\"column\">\n\t\t\t<div class=\"elementor-widget-wrap elementor-element-populated\">\n\t\t\t\t\t\t<div class=\"elementor-element elementor-element-dc4bf35 elementor-widget elementor-widget-heading\" data-id=\"dc4bf35\" data-element_type=\"widget\" data-widget_type=\"heading.default\">\n\t\t\t\t<div class=\"elementor-widget-container\">\n\t\t\t\t\t<h5 class=\"elementor-heading-title elementor-size-default\"><a href=\"https:\/\/bienvenuelahaut.fr\/index.php\/category\/clin-doeil-les-docus-den-haut\/\">Festival Clin d'Oeil<\/a><\/h5>\t\t\t\t<\/div>\n\t\t\t\t<\/div>\n\t\t\t\t<div class=\"elementor-element elementor-element-71b9e175 elementor-widget elementor-widget-testimonial\" data-id=\"71b9e175\" data-element_type=\"widget\" data-widget_type=\"testimonial.default\">\n\t\t\t\t<div class=\"elementor-widget-container\">\n\t\t\t\t\t\t\t<div class=\"elementor-testimonial-wrapper\">\n\t\t\t\t\t\t\t<div class=\"elementor-testimonial-content\">Au printemps et \u00e0 l\u2019automne, avec le festival \u00ab Clin d\u2019\u0153il \u00bb, une riche programmation de films documentaires fleurit dans le Guillestrois-Queyras, en partenariat avec les biblioth\u00e8ques du territoire et le Parc Naturel R\u00e9gional du Queyras.<\/div>\n\t\t\t\n\t\t\t\t\t<\/div>\n\t\t\t\t\t\t<\/div>\n\t\t\t\t<\/div>\n\t\t\t\t\t<\/div>\n\t\t<\/div>\n\t\t\t\t<div class=\"elementor-column elementor-col-33 elementor-inner-column elementor-element elementor-element-12f715cd\" data-id=\"12f715cd\" data-element_type=\"column\">\n\t\t\t<div class=\"elementor-widget-wrap elementor-element-populated\">\n\t\t\t\t\t\t<div class=\"elementor-element elementor-element-0095659 elementor-widget elementor-widget-heading\" data-id=\"0095659\" data-element_type=\"widget\" data-widget_type=\"heading.default\">\n\t\t\t\t<div class=\"elementor-widget-container\">\n\t\t\t\t\t<h5 class=\"elementor-heading-title elementor-size-default\"><a href=\"https:\/\/bienvenuelahaut.fr\/index.php\/itinerances-residences-en-territoire\/\">Itin\u00e9rances - R\u00e9sidences en territoire<\/a><\/h5>\t\t\t\t<\/div>\n\t\t\t\t<\/div>\n\t\t\t\t<div class=\"elementor-element elementor-element-73a48d33 elementor-widget elementor-widget-testimonial\" data-id=\"73a48d33\" data-element_type=\"widget\" data-widget_type=\"testimonial.default\">\n\t\t\t\t<div class=\"elementor-widget-container\">\n\t\t\t\t\t\t\t<div class=\"elementor-testimonial-wrapper\">\n\t\t\t\t\t\t\t<div class=\"elementor-testimonial-content\">D\u00e9velopper une cartographie de projets artistiques en arts visuels sur l\u2019ensemble de la Communaut\u00e9 de Communes du Guillestrois-Queyras (CCGQ), en relation avec les patrimoines culturels, b\u00e2tis et naturels, reli\u00e9s par l\u2019itin\u00e9rance d\u2019un projet circassien touchant \u00e0 l\u2019exp\u00e9rience sensible de la vie en montagne.<\/div>\n\t\t\t\n\t\t\t\t\t<\/div>\n\t\t\t\t\t\t<\/div>\n\t\t\t\t<\/div>\n\t\t\t\t\t<\/div>\n\t\t<\/div>\n\t\t\t\t\t<\/div>\n\t\t<\/section>\n\t\t\t\t\t<\/div>\n\t\t<\/div>\n\t\t\t\t\t<\/div>\n\t\t<\/section>\n\t\t\t\t<section class=\"elementor-section elementor-top-section elementor-element elementor-element-3a79d3b0 elementor-section-full_width elementor-section-height-default elementor-section-height-default\" data-id=\"3a79d3b0\" data-element_type=\"section\">\n\t\t\t\t\t\t<div class=\"elementor-container elementor-column-gap-no\">\n\t\t\t\t\t<div class=\"elementor-column elementor-col-100 elementor-top-column elementor-element elementor-element-deea7e1\" data-id=\"deea7e1\" data-element_type=\"column\">\n\t\t\t<div class=\"elementor-widget-wrap elementor-element-populated\">\n\t\t\t\t\t\t<div class=\"elementor-element elementor-element-5d08f8c2 elementor-absolute elementor-widget__width-auto elementor-widget elementor-widget-image\" data-id=\"5d08f8c2\" data-element_type=\"widget\" data-settings=\"{&quot;_position&quot;:&quot;absolute&quot;}\" data-widget_type=\"image.default\">\n\t\t\t\t<div class=\"elementor-widget-container\">\n\t\t\t\t\t\t\t\t\t\t\t\t\t\t\t<img fetchpriority=\"high\" decoding=\"async\" width=\"300\" height=\"300\" src=\"https:\/\/bienvenuelahaut.fr\/wp-content\/uploads\/2023\/01\/Ch_Pringuey_Cessac_22_10_04-1-300x300.jpg\" class=\"attachment-medium size-medium wp-image-1317\" alt=\"\" srcset=\"https:\/\/bienvenuelahaut.fr\/wp-content\/uploads\/2023\/01\/Ch_Pringuey_Cessac_22_10_04-1-300x300.jpg 300w, https:\/\/bienvenuelahaut.fr\/wp-content\/uploads\/2023\/01\/Ch_Pringuey_Cessac_22_10_04-1-1024x1024.jpg 1024w, https:\/\/bienvenuelahaut.fr\/wp-content\/uploads\/2023\/01\/Ch_Pringuey_Cessac_22_10_04-1-150x150.jpg 150w, https:\/\/bienvenuelahaut.fr\/wp-content\/uploads\/2023\/01\/Ch_Pringuey_Cessac_22_10_04-1-768x768.jpg 768w, https:\/\/bienvenuelahaut.fr\/wp-content\/uploads\/2023\/01\/Ch_Pringuey_Cessac_22_10_04-1.jpg 1334w\" sizes=\"(max-width: 300px) 100vw, 300px\" \/>\t\t\t\t\t\t\t\t\t\t\t\t\t\t\t<\/div>\n\t\t\t\t<\/div>\n\t\t\t\t\t<\/div>\n\t\t<\/div>\n\t\t\t\t\t<\/div>\n\t\t<\/section>\n\t\t\t\t<\/div>\n\t\t","protected":false},"excerpt":{"rendered":"<p>Actions R\u00e9sidence artistiques A travers une dynamique de r\u00e9sidences, nous accueillons des artistes de diff\u00e9rentes disciplines pour permettre une v\u00e9ritable immersion sur le territoire et une rencontre approfondie avec les habitants que nous cherchons \u00e0 impliquer le plus possible \u00e0 travers l\u2019accueil des artistes. Festival Clin d&rsquo;Oeil Au printemps et \u00e0 l\u2019automne, avec le [&hellip;]<\/p>\n","protected":false},"author":2,"featured_media":0,"parent":0,"menu_order":0,"comment_status":"closed","ping_status":"closed","template":"","meta":{"om_disable_all_campaigns":false,"_monsterinsights_skip_tracking":false,"_monsterinsights_sitenote_active":false,"_monsterinsights_sitenote_note":"","_monsterinsights_sitenote_category":0,"site-sidebar-layout":"no-sidebar","site-content-layout":"page-builder","ast-site-content-layout":"","site-content-style":"default","site-sidebar-style":"default","ast-global-header-display":"","ast-banner-title-visibility":"","ast-main-header-display":"","ast-hfb-above-header-display":"","ast-hfb-below-header-display":"","ast-hfb-mobile-header-display":"","site-post-title":"disabled","ast-breadcrumbs-content":"","ast-featured-img":"disabled","footer-sml-layout":"","theme-transparent-header-meta":"","adv-header-id-meta":"","stick-header-meta":"","header-above-stick-meta":"","header-main-stick-meta":"","header-below-stick-meta":"","astra-migrate-meta-layouts":"default","ast-page-background-enabled":"default","ast-page-background-meta":{"desktop":{"background-color":"","background-image":"","background-repeat":"repeat","background-position":"center center","background-size":"auto","background-attachment":"scroll","background-type":"","background-media":"","overlay-type":"","overlay-color":"","overlay-gradient":""},"tablet":{"background-color":"","background-image":"","background-repeat":"repeat","background-position":"center center","background-size":"auto","background-attachment":"scroll","background-type":"","background-media":"","overlay-type":"","overlay-color":"","overlay-gradient":""},"mobile":{"background-color":"","background-image":"","background-repeat":"repeat","background-position":"center center","background-size":"auto","background-attachment":"scroll","background-type":"","background-media":"","overlay-type":"","overlay-color":"","overlay-gradient":""}},"ast-content-background-meta":{"desktop":{"background-color":"var(--ast-global-color-5)","background-image":"","background-repeat":"repeat","background-position":"center center","background-size":"auto","background-attachment":"scroll","background-type":"","background-media":"","overlay-type":"","overlay-color":"","overlay-gradient":""},"tablet":{"background-color":"var(--ast-global-color-5)","background-image":"","background-repeat":"repeat","background-position":"center center","background-size":"auto","background-attachment":"scroll","background-type":"","background-media":"","overlay-type":"","overlay-color":"","overlay-gradient":""},"mobile":{"background-color":"var(--ast-global-color-5)","background-image":"","background-repeat":"repeat","background-position":"center center","background-size":"auto","background-attachment":"scroll","background-type":"","background-media":"","overlay-type":"","overlay-color":"","overlay-gradient":""}},"footnotes":""},"class_list":["post-430","page","type-page","status-publish","hentry"],"aioseo_notices":[],"_links":{"self":[{"href":"https:\/\/bienvenuelahaut.fr\/index.php\/wp-json\/wp\/v2\/pages\/430","targetHints":{"allow":["GET"]}}],"collection":[{"href":"https:\/\/bienvenuelahaut.fr\/index.php\/wp-json\/wp\/v2\/pages"}],"about":[{"href":"https:\/\/bienvenuelahaut.fr\/index.php\/wp-json\/wp\/v2\/types\/page"}],"author":[{"embeddable":true,"href":"https:\/\/bienvenuelahaut.fr\/index.php\/wp-json\/wp\/v2\/users\/2"}],"replies":[{"embeddable":true,"href":"https:\/\/bienvenuelahaut.fr\/index.php\/wp-json\/wp\/v2\/comments?post=430"}],"version-history":[{"count":15,"href":"https:\/\/bienvenuelahaut.fr\/index.php\/wp-json\/wp\/v2\/pages\/430\/revisions"}],"predecessor-version":[{"id":4827,"href":"https:\/\/bienvenuelahaut.fr\/index.php\/wp-json\/wp\/v2\/pages\/430\/revisions\/4827"}],"wp:attachment":[{"href":"https:\/\/bienvenuelahaut.fr\/index.php\/wp-json\/wp\/v2\/media?parent=430"}],"curies":[{"name":"wp","href":"https:\/\/api.w.org\/{rel}","templated":true}]}}